{"id":16043,"date":"2025-11-20T17:12:30","date_gmt":"2025-11-20T17:12:30","guid":{"rendered":"https:\/\/craft-festival.onyx-sites.io\/gwirfoddoli-cymru\/"},"modified":"2026-05-06T15:41:38","modified_gmt":"2026-05-06T15:41:38","slug":"gwirfoddoli-cymru","status":"publish","type":"page","link":"http:\/\/craftfestival.co.uk\/cy\/gwirfoddoli-cymru\/","title":{"rendered":"Gwirfoddoli Cymru"},"content":{"rendered":"\t\t<div data-elementor-type=\"wp-page\" data-elementor-id=\"16043\" class=\"elementor elementor-16043 elementor-97\" data-elementor-post-type=\"page\">\n\t\t\t\t<div class=\"elementor-element elementor-element-294fd77e e-flex e-con-boxed e-con e-parent\" data-id=\"294fd77e\" data-element_type=\"container\" data-settings=\"{&quot;background_background&quot;:&quot;classic&quot;}\">\n\t\t\t\t\t<div class=\"e-con-inner\">\n\t\t\t\t\t<\/div>\n\t\t\t\t<\/div>\n\t\t<div class=\"elementor-element elementor-element-411f11bc e-flex e-con-boxed e-con e-parent\" data-id=\"411f11bc\" data-element_type=\"container\">\n\t\t\t\t\t<div class=\"e-con-inner\">\n\t\t\t\t<div class=\"elementor-element elementor-element-55d8387a elementor-widget elementor-widget-heading\" data-id=\"55d8387a\" data-element_type=\"widget\" data-widget_type=\"heading.default\">\n\t\t\t\t\t<h2 class=\"elementor-heading-title elementor-size-default\">Gwirfoddolwch yng Ng\u0175yl Grefft CYMRU<\/h2>\t\t\t\t<\/div>\n\t\t\t\t<div class=\"elementor-element elementor-element-28495870 elementor-widget elementor-widget-heading\" data-id=\"28495870\" data-element_type=\"widget\" data-widget_type=\"heading.default\">\n\t\t\t\t\t<h5 class=\"elementor-heading-title elementor-size-default\">Ymunwch \u00e2'n t\u00eem o wirfoddolwyr cyfeillgar a helpu i ddod a\u2019r \u0174yl Grefft yn fyw.<\/h5>\t\t\t\t<\/div>\n\t\t\t\t\t<\/div>\n\t\t\t\t<\/div>\n\t\t<div class=\"elementor-element elementor-element-101273dc e-flex e-con-boxed e-con e-parent\" data-id=\"101273dc\" data-element_type=\"container\">\n\t\t\t\t\t<div class=\"e-con-inner\">\n\t\t<div class=\"elementor-element elementor-element-587da989 e-con-full e-flex e-con e-child\" data-id=\"587da989\" data-element_type=\"container\">\n\t\t\t\t<div class=\"elementor-element elementor-element-cb9722e elementor-widget elementor-widget-text-editor\" data-id=\"cb9722e\" data-element_type=\"widget\" data-widget_type=\"text-editor.default\">\n\t\t\t\t\t\t\t\t\t<p><strong>Rydym yn dibynnu ar bobl wych, fel chi, i gefnogi ein digwyddiadau yn Bovey Tracey ac Aberteifi.<\/strong><\/p><p>Mae gwirfoddoli yn ffordd ymarferol, hwyliog o gefnogi&#8217;r gymuned grefft, ennill profiad a bod yn rhan o awyrgylch G\u0175yl llewyrchus.<\/p><p><strong>Mae&#8217;r Rolau Gwirfoddoli\u2019n Cynnwys:Volunteer Roles Include:<\/strong><\/p><p>Croesawu ymwelwyr a gwneuthurwyr<br>Sganio tocynnau a chymorth swyddfa docynnau<br>Helpu gyda gweithgareddau i&#8217;r plant<br>Gosod a dadosod safle\u2019r \u0174yl<br>Darparu gwybodaeth a chymorth i ymwelwyr<\/p><p>Byddwch yn derbyn Cyfarwyddyd ar y Digwyddiad, Iechyd a Diogelwch, ynghyd \u00e2 hyfforddiant croesawu yn Bovey Tracey.<\/p><p><strong>Y Buddion i Chi:<\/strong><\/p><p>A free weekend pass after 8+ hours volunteering<br>A supportive team and a lively, social experience<\/p><p><strong>Byddem wrth ein bodd yn clywed gennych: <\/strong><\/p><p><a href=\"https:\/\/form.jotform.com\/211434679528362\">CLICIWCH YMA i Wirfoddoli yn Bovey Tracey<\/a><\/p><p><a href=\"https:\/\/form.jotform.com\/240433202637346\">CLICIWCH YMA i Wirfoddoli yng Ng\u0175yl Grefft Cymru yng Nghastell Aberteifi<\/a><\/p><p>Ar \u00f4l y dyddiad cau ar gyfer cofrestru, byddwn yn danfon rot\u00e2u a rhagor o fanylion.<br><br><\/p><p>Bydd eich angen arnom, felly rhowch y dyddiadau yn eich dyddiadur nawr!<\/p>\t\t\t\t\t\t\t\t<\/div>\n\t\t\t\t<\/div>\n\t\t<div class=\"elementor-element elementor-element-2c8697e2 e-con-full e-flex e-con e-child\" data-id=\"2c8697e2\" data-element_type=\"container\">\n\t\t\t\t<div class=\"elementor-element elementor-element-3d6d81e4 elementor-widget elementor-widget-image\" data-id=\"3d6d81e4\" data-element_type=\"widget\" data-widget_type=\"image.default\">\n\t\t\t\t\t\t\t\t\t\t\t\t\t\t\t<img fetchpriority=\"high\" decoding=\"async\" width=\"1536\" height=\"1024\" src=\"http:\/\/craftfestival.co.uk\/wp-content\/uploads\/2026\/02\/Great-Volunteers-1536x1024.jpg\" class=\"attachment-1536x1536 size-1536x1536 wp-image-15787\" alt=\"\" srcset=\"http:\/\/craftfestival.co.uk\/wp-content\/uploads\/2026\/02\/Great-Volunteers-1536x1024.jpg 1536w, http:\/\/craftfestival.co.uk\/wp-content\/uploads\/2026\/02\/Great-Volunteers-300x200.jpg 300w, http:\/\/craftfestival.co.uk\/wp-content\/uploads\/2026\/02\/Great-Volunteers-1024x683.jpg 1024w, http:\/\/craftfestival.co.uk\/wp-content\/uploads\/2026\/02\/Great-Volunteers-768x512.jpg 768w, http:\/\/craftfestival.co.uk\/wp-content\/uploads\/2026\/02\/Great-Volunteers.jpg 2048w\" sizes=\"(max-width: 1536px) 100vw, 1536px\" \/>\t\t\t\t\t\t\t\t\t\t\t\t\t\t\t<\/div>\n\t\t\t\t<\/div>\n\t\t\t\t\t<\/div>\n\t\t\t\t<\/div>\n\t\t\t\t<\/div>\n\t\t","protected":false},"excerpt":{"rendered":"<p>Gwirfoddolwch yng Ng\u0175yl Grefft CYMRU Ymunwch \u00e2&#8217;n t\u00eem o wirfoddolwyr cyfeillgar a helpu i ddod a\u2019r \u0174yl Grefft yn fyw. Rydym yn dibynnu ar bobl wych, fel chi, i gefnogi ein digwyddiadau yn Bovey Tracey ac Aberteifi. Mae gwirfoddoli yn ffordd ymarferol, hwyliog o gefnogi&#8217;r gymuned grefft, ennill profiad a bod yn rhan o awyrgylch [&hellip;]<\/p>\n","protected":false},"author":1,"featured_media":0,"parent":0,"menu_order":0,"comment_status":"closed","ping_status":"closed","template":"","meta":{"_acf_changed":false,"footnotes":""},"class_list":["post-16043","page","type-page","status-publish","hentry"],"acf":[],"_links":{"self":[{"href":"http:\/\/craftfestival.co.uk\/cy\/wp-json\/wp\/v2\/pages\/16043","targetHints":{"allow":["GET"]}}],"collection":[{"href":"http:\/\/craftfestival.co.uk\/cy\/wp-json\/wp\/v2\/pages"}],"about":[{"href":"http:\/\/craftfestival.co.uk\/cy\/wp-json\/wp\/v2\/types\/page"}],"author":[{"embeddable":true,"href":"http:\/\/craftfestival.co.uk\/cy\/wp-json\/wp\/v2\/users\/1"}],"replies":[{"embeddable":true,"href":"http:\/\/craftfestival.co.uk\/cy\/wp-json\/wp\/v2\/comments?post=16043"}],"version-history":[{"count":3,"href":"http:\/\/craftfestival.co.uk\/cy\/wp-json\/wp\/v2\/pages\/16043\/revisions"}],"predecessor-version":[{"id":16071,"href":"http:\/\/craftfestival.co.uk\/cy\/wp-json\/wp\/v2\/pages\/16043\/revisions\/16071"}],"wp:attachment":[{"href":"http:\/\/craftfestival.co.uk\/cy\/wp-json\/wp\/v2\/media?parent=16043"}],"curies":[{"name":"wp","href":"https:\/\/api.w.org\/{rel}","templated":true}]}}