{"id":15071,"date":"2025-11-20T17:13:36","date_gmt":"2025-11-20T17:13:36","guid":{"rendered":"https:\/\/craft-festival.onyx-sites.io\/wales-craft-club\/"},"modified":"2026-05-12T15:06:59","modified_gmt":"2026-05-12T15:06:59","slug":"wales-craft-club","status":"publish","type":"page","link":"http:\/\/craftfestival.co.uk\/cy\/wales-craft-club\/","title":{"rendered":"SARAH TO ADD"},"content":{"rendered":"\t\t<div data-elementor-type=\"wp-page\" data-elementor-id=\"15071\" class=\"elementor elementor-15071 elementor-113\" data-elementor-post-type=\"page\">\n\t\t\t\t<div class=\"elementor-element elementor-element-42409867 e-flex e-con-boxed e-con e-parent\" data-id=\"42409867\" data-element_type=\"container\" data-settings=\"{&quot;background_background&quot;:&quot;classic&quot;}\">\n\t\t\t\t\t<div class=\"e-con-inner\">\n\t\t\t\t\t<\/div>\n\t\t\t\t<\/div>\n\t\t<div class=\"elementor-element elementor-element-667d42e1 e-flex e-con-boxed e-con e-parent\" data-id=\"667d42e1\" data-element_type=\"container\">\n\t\t\t\t\t<div class=\"e-con-inner\">\n\t\t\t\t<div class=\"elementor-element elementor-element-5d62ed3d elementor-widget elementor-widget-heading\" data-id=\"5d62ed3d\" data-element_type=\"widget\" data-widget_type=\"heading.default\">\n\t\t\t\t\t<h2 class=\"elementor-heading-title elementor-size-default\">Clwb Crefft<\/h2>\t\t\t\t<\/div>\n\t\t\t\t<div class=\"elementor-element elementor-element-437b49a7 elementor-widget elementor-widget-heading\" data-id=\"437b49a7\" data-element_type=\"widget\" data-widget_type=\"heading.default\">\n\t\t\t\t\t<h5 class=\"elementor-heading-title elementor-size-default\">Mae croeso cynnes i deuluoedd gyda phlant o bob oedran yn Y Labordy Crefft.<\/h5>\t\t\t\t<\/div>\n\t\t\t\t\t<\/div>\n\t\t\t\t<\/div>\n\t\t<div class=\"elementor-element elementor-element-d530481 e-flex e-con-boxed e-con e-parent\" data-id=\"d530481\" data-element_type=\"container\">\n\t\t\t\t\t<div class=\"e-con-inner\">\n\t\t<div class=\"elementor-element elementor-element-12f8096 e-con-full e-flex e-con e-child\" data-id=\"12f8096\" data-element_type=\"container\">\n\t\t\t\t<div class=\"elementor-element elementor-element-2c11c2de elementor-widget elementor-widget-text-editor\" data-id=\"2c11c2de\" data-element_type=\"widget\" data-widget_type=\"text-editor.default\">\n\t\t\t\t\t\t\t\t\t<p>Drwy gydol G\u0175yl Grefft Cymru yng Nghastell Aberteifi, gall teuluoedd ymgolli yn y Gweithdai galw heibio AM DDIM i Blant yn y Labordy Crefft, sef man creadigol bywiog lle gall y dychymyg redeg yn wyllt.<\/p><p>Mae\u2019r Labordy Crefft islaw&#8217;r Ardd Lysiau, wrth ochr y Man Chwarae i Blant, felly mae\u2019n lleoliad perffaith i wneuthurwyr ifanc.<\/p><p>Gallwch ddisgwyl gweld lliw, creadigrwydd a chwa o hud \u2013 a digon o weithgareddau ymarferol. Bydd dwli, swigod ac elfennau hudol gyda&#8217;r g\u0175r tra direidus, Mr Jon Jon, ynghyd \u00e2 sesiynau dweud stor\u00efau cyfareddol gyda&#8217;r Bardd, Ceri Phillips. <\/p><p>Ar ddydd Gwener, rydym yn croesawu ymweliadau gan ysgolion lleol, tra bod dydd Sadwrn a dydd Sul yn gyfle i deuluoedd alw heibio ac ymuno yn yr hwyl. Galwch heibio a bwriwch ati i wneud! (Ar gau am hoe rhwng 1-2pm!)   <\/p><p>Noddir y Labordy Crefft drwy garedigrwydd Canolfan Gelfyddydau Llantarnam Grange, Amgueddfa Wl\u00e2n Cymru, Ysgol Gelf Caerfyrddin, Coleg Ceredigion, Menter Iaith Cered a Walden Arts.<\/p>\t\t\t\t\t\t\t\t<\/div>\n\t\t\t\t<\/div>\n\t\t<div class=\"elementor-element elementor-element-b8ce5ef e-con-full e-flex e-con e-child\" data-id=\"b8ce5ef\" data-element_type=\"container\">\n\t\t\t\t<div class=\"elementor-element elementor-element-5d697f9 elementor-arrows-position-inside elementor-pagination-position-outside elementor-widget elementor-widget-image-carousel\" data-id=\"5d697f9\" data-element_type=\"widget\" data-settings=\"{&quot;slides_to_show&quot;:&quot;1&quot;,&quot;navigation&quot;:&quot;both&quot;,&quot;autoplay&quot;:&quot;yes&quot;,&quot;pause_on_hover&quot;:&quot;yes&quot;,&quot;pause_on_interaction&quot;:&quot;yes&quot;,&quot;autoplay_speed&quot;:5000,&quot;infinite&quot;:&quot;yes&quot;,&quot;effect&quot;:&quot;slide&quot;,&quot;speed&quot;:500}\" data-widget_type=\"image-carousel.default\">\n\t\t\t\t\t\t\t<div class=\"elementor-image-carousel-wrapper swiper\" role=\"region\" aria-roledescription=\"carousel\" aria-label=\"Image Carousel\" dir=\"ltr\">\n\t\t\t<div class=\"elementor-image-carousel swiper-wrapper\" aria-live=\"off\">\n\t\t\t\t\t\t\t\t<div class=\"swiper-slide\" role=\"group\" aria-roledescription=\"slide\" aria-label=\"1 of 5\"><figure class=\"swiper-slide-inner\"><img decoding=\"async\" class=\"swiper-slide-image\" src=\"http:\/\/craftfestival.co.uk\/wp-content\/uploads\/2026\/03\/Children-at-Craft-Festival-Wales-2024-Heather-Birnie-1024x683.jpg\" alt=\"Children at Craft Festival Wales 2024 Heather Birnie\" \/><\/figure><\/div><div class=\"swiper-slide\" role=\"group\" aria-roledescription=\"slide\" aria-label=\"2 of 5\"><figure class=\"swiper-slide-inner\"><img decoding=\"async\" class=\"swiper-slide-image\" src=\"http:\/\/craftfestival.co.uk\/wp-content\/uploads\/2026\/03\/Childrens-Craft-Tent-1024x683.jpg\" alt=\"Children&#039;s Craft Tent\" \/><\/figure><\/div><div class=\"swiper-slide\" role=\"group\" aria-roledescription=\"slide\" aria-label=\"3 of 5\"><figure class=\"swiper-slide-inner\"><img decoding=\"async\" class=\"swiper-slide-image\" src=\"http:\/\/craftfestival.co.uk\/wp-content\/uploads\/2026\/03\/Weaving-in-the-Craft-Lab-at-Craft-Festival-Wales-2024.-Image-by-Heather-Birnie-1024x683.jpg\" alt=\"Weaving in the Craft Lab at Craft Festival Wales 2024. Image by Heather Birnie\" \/><\/figure><\/div><div class=\"swiper-slide\" role=\"group\" aria-roledescription=\"slide\" aria-label=\"4 of 5\"><figure class=\"swiper-slide-inner\"><img decoding=\"async\" class=\"swiper-slide-image\" src=\"http:\/\/craftfestival.co.uk\/wp-content\/uploads\/2026\/03\/Children-at-Craft-Festival-Wales-2025-David-Edmunds-Photography-1024x683.jpg\" alt=\"Children at Craft Festival Wales 2025 David Edmunds Photography\" \/><\/figure><\/div><div class=\"swiper-slide\" role=\"group\" aria-roledescription=\"slide\" aria-label=\"5 of 5\"><figure class=\"swiper-slide-inner\"><img decoding=\"async\" class=\"swiper-slide-image\" src=\"http:\/\/craftfestival.co.uk\/wp-content\/uploads\/2026\/03\/Children-arriving-at-the-Craft-Tent-at-Craft-Festival-Wales-2025-David-Edmunds-Photography-1024x683.jpg\" alt=\"Children arriving at the Craft Tent at Craft Festival Wales 2025 David Edmunds Photography\" \/><\/figure><\/div>\t\t\t<\/div>\n\t\t\t\t\t\t\t\t\t\t\t\t<div class=\"elementor-swiper-button elementor-swiper-button-prev\" role=\"button\" tabindex=\"0\">\n\t\t\t\t\t\t<svg aria-hidden=\"true\" class=\"e-font-icon-svg e-eicon-chevron-left\" viewBox=\"0 0 1000 1000\" xmlns=\"http:\/\/www.w3.org\/2000\/svg\"><path d=\"M646 125C629 125 613 133 604 142L308 442C296 454 292 471 292 487 292 504 296 521 308 533L604 854C617 867 629 875 646 875 663 875 679 871 692 858 704 846 713 829 713 812 713 796 708 779 692 767L438 487 692 225C700 217 708 204 708 187 708 171 704 154 692 142 675 129 663 125 646 125Z\"><\/path><\/svg>\t\t\t\t\t<\/div>\n\t\t\t\t\t<div class=\"elementor-swiper-button elementor-swiper-button-next\" role=\"button\" tabindex=\"0\">\n\t\t\t\t\t\t<svg aria-hidden=\"true\" class=\"e-font-icon-svg e-eicon-chevron-right\" viewBox=\"0 0 1000 1000\" xmlns=\"http:\/\/www.w3.org\/2000\/svg\"><path d=\"M696 533C708 521 713 504 713 487 713 471 708 454 696 446L400 146C388 133 375 125 354 125 338 125 325 129 313 142 300 154 292 171 292 187 292 204 296 221 308 233L563 492 304 771C292 783 288 800 288 817 288 833 296 850 308 863 321 871 338 875 354 875 371 875 388 867 400 854L696 533Z\"><\/path><\/svg>\t\t\t\t\t<\/div>\n\t\t\t\t\n\t\t\t\t\t\t\t\t\t<div class=\"swiper-pagination\"><\/div>\n\t\t\t\t\t\t\t\t\t<\/div>\n\t\t\t\t\t\t<\/div>\n\t\t\t\t<\/div>\n\t\t\t\t\t<\/div>\n\t\t\t\t<\/div>\n\t\t\t\t<\/div>\n\t\t","protected":false},"excerpt":{"rendered":"<p>Clwb Crefft Mae croeso cynnes i deuluoedd gyda phlant o bob oedran yn Y Labordy Crefft. Drwy gydol G\u0175yl Grefft Cymru yng Nghastell Aberteifi, gall teuluoedd ymgolli yn y Gweithdai galw heibio AM DDIM i Blant yn y Labordy Crefft, sef man creadigol bywiog lle gall y dychymyg redeg yn wyllt. Mae\u2019r Labordy Crefft islaw&#8217;r [&hellip;]<\/p>\n","protected":false},"author":1,"featured_media":0,"parent":0,"menu_order":0,"comment_status":"closed","ping_status":"closed","template":"","meta":{"_acf_changed":false,"footnotes":""},"class_list":["post-15071","page","type-page","status-publish","hentry"],"acf":[],"_links":{"self":[{"href":"http:\/\/craftfestival.co.uk\/cy\/wp-json\/wp\/v2\/pages\/15071","targetHints":{"allow":["GET"]}}],"collection":[{"href":"http:\/\/craftfestival.co.uk\/cy\/wp-json\/wp\/v2\/pages"}],"about":[{"href":"http:\/\/craftfestival.co.uk\/cy\/wp-json\/wp\/v2\/types\/page"}],"author":[{"embeddable":true,"href":"http:\/\/craftfestival.co.uk\/cy\/wp-json\/wp\/v2\/users\/1"}],"replies":[{"embeddable":true,"href":"http:\/\/craftfestival.co.uk\/cy\/wp-json\/wp\/v2\/comments?post=15071"}],"version-history":[{"count":6,"href":"http:\/\/craftfestival.co.uk\/cy\/wp-json\/wp\/v2\/pages\/15071\/revisions"}],"predecessor-version":[{"id":16633,"href":"http:\/\/craftfestival.co.uk\/cy\/wp-json\/wp\/v2\/pages\/15071\/revisions\/16633"}],"wp:attachment":[{"href":"http:\/\/craftfestival.co.uk\/cy\/wp-json\/wp\/v2\/media?parent=15071"}],"curies":[{"name":"wp","href":"https:\/\/api.w.org\/{rel}","templated":true}]}}