{"id":15031,"date":"2025-11-20T17:14:34","date_gmt":"2025-11-20T17:14:34","guid":{"rendered":"https:\/\/craft-festival.onyx-sites.io\/ein-stori\/"},"modified":"2026-05-12T14:58:36","modified_gmt":"2026-05-12T14:58:36","slug":"ein-stori","status":"publish","type":"page","link":"http:\/\/craftfestival.co.uk\/cy\/ein-stori\/","title":{"rendered":"EIN STORI"},"content":{"rendered":"\t\t<div data-elementor-type=\"wp-page\" data-elementor-id=\"15031\" class=\"elementor elementor-15031 elementor-125\" data-elementor-post-type=\"page\">\n\t\t\t\t<div class=\"elementor-element elementor-element-5d70a075 e-flex e-con-boxed e-con e-parent\" data-id=\"5d70a075\" data-element_type=\"container\" data-settings=\"{&quot;background_background&quot;:&quot;classic&quot;}\">\n\t\t\t\t\t<div class=\"e-con-inner\">\n\t\t\t\t\t<\/div>\n\t\t\t\t<\/div>\n\t\t<div class=\"elementor-element elementor-element-b6e7558 e-flex e-con-boxed e-con e-parent\" data-id=\"b6e7558\" data-element_type=\"container\">\n\t\t\t\t\t<div class=\"e-con-inner\">\n\t\t\t\t<div class=\"elementor-element elementor-element-5a2bcdf1 elementor-widget elementor-widget-heading\" data-id=\"5a2bcdf1\" data-element_type=\"widget\" data-widget_type=\"heading.default\">\n\t\t\t\t\t<h2 class=\"elementor-heading-title elementor-size-default\">G\u0175yl Grefft Cymru - Ein Stori<\/h2>\t\t\t\t<\/div>\n\t\t\t\t\t<\/div>\n\t\t\t\t<\/div>\n\t\t<div class=\"elementor-element elementor-element-3b391abf e-flex e-con-boxed e-con e-parent\" data-id=\"3b391abf\" data-element_type=\"container\">\n\t\t\t\t\t<div class=\"e-con-inner\">\n\t\t\t\t<div class=\"elementor-element elementor-element-29e2ce78 elementor-widget elementor-widget-text-editor\" data-id=\"29e2ce78\" data-element_type=\"widget\" data-widget_type=\"text-editor.default\">\n\t\t\t\t\t\t\t\t\t<h5>Sefydlwyd G\u0175yl Grefft yn 2004 fel sefydliad dielw. Cynhaliwyd ein G\u0175yl wreiddiol yn Bovey Tracey, Dyfnaint ac mae wedi croesawu dros 160,000 o ymwelwyr gan gyfrannu o leiaf \u00a325 miliwn i&#8217;r economi leol a derbyn dros 10,000 o ymwelwyr bob blwyddyn. Sefydlwyd G\u0175yl Grefft Cymru yn 2023 gan ennyn canmoliaeth uchel, ac ennill gwobr Digwyddiad y Flwyddyn Ceredigion yn ei blwyddyn gyntaf. <\/h5>\t\t\t\t\t\t\t\t<\/div>\n\t\t\t\t\t<\/div>\n\t\t\t\t<\/div>\n\t\t<div class=\"elementor-element elementor-element-41be121 e-flex e-con-boxed e-con e-parent\" data-id=\"41be121\" data-element_type=\"container\">\n\t\t\t\t\t<div class=\"e-con-inner\">\n\t\t<div class=\"elementor-element elementor-element-1f886c80 e-con-full e-flex e-con e-child\" data-id=\"1f886c80\" data-element_type=\"container\">\n\t\t\t\t<div class=\"elementor-element elementor-element-443dbdd3 elementor-widget elementor-widget-image\" data-id=\"443dbdd3\" data-element_type=\"widget\" data-widget_type=\"image.default\">\n\t\t\t\t\t\t\t\t\t\t\t\t\t\t\t<img fetchpriority=\"high\" decoding=\"async\" width=\"800\" height=\"534\" src=\"http:\/\/craftfestival.co.uk\/wp-content\/uploads\/2026\/03\/Ella-Bua-In-and-Susan-and-Sarah-James.-Ella-was-awarded-the-inaugural-Roddy-and-Pat-James-Memorial-Award-for-Ceramics-at-Craft-Festival-Wales-2025.-Image-David-Edmunds-1024x683.jpg\" class=\"attachment-large size-large wp-image-15025\" alt=\"\" srcset=\"http:\/\/craftfestival.co.uk\/wp-content\/uploads\/2026\/03\/Ella-Bua-In-and-Susan-and-Sarah-James.-Ella-was-awarded-the-inaugural-Roddy-and-Pat-James-Memorial-Award-for-Ceramics-at-Craft-Festival-Wales-2025.-Image-David-Edmunds-1024x683.jpg 1024w, http:\/\/craftfestival.co.uk\/wp-content\/uploads\/2026\/03\/Ella-Bua-In-and-Susan-and-Sarah-James.-Ella-was-awarded-the-inaugural-Roddy-and-Pat-James-Memorial-Award-for-Ceramics-at-Craft-Festival-Wales-2025.-Image-David-Edmunds-300x200.jpg 300w, http:\/\/craftfestival.co.uk\/wp-content\/uploads\/2026\/03\/Ella-Bua-In-and-Susan-and-Sarah-James.-Ella-was-awarded-the-inaugural-Roddy-and-Pat-James-Memorial-Award-for-Ceramics-at-Craft-Festival-Wales-2025.-Image-David-Edmunds-768x512.jpg 768w, http:\/\/craftfestival.co.uk\/wp-content\/uploads\/2026\/03\/Ella-Bua-In-and-Susan-and-Sarah-James.-Ella-was-awarded-the-inaugural-Roddy-and-Pat-James-Memorial-Award-for-Ceramics-at-Craft-Festival-Wales-2025.-Image-David-Edmunds-1536x1024.jpg 1536w, http:\/\/craftfestival.co.uk\/wp-content\/uploads\/2026\/03\/Ella-Bua-In-and-Susan-and-Sarah-James.-Ella-was-awarded-the-inaugural-Roddy-and-Pat-James-Memorial-Award-for-Ceramics-at-Craft-Festival-Wales-2025.-Image-David-Edmunds-2048x1365.jpg 2048w\" sizes=\"(max-width: 800px) 100vw, 800px\" \/>\t\t\t\t\t\t\t\t\t\t\t\t\t\t\t<\/div>\n\t\t\t\t<\/div>\n\t\t<div class=\"elementor-element elementor-element-62e5433f e-con-full e-flex e-con e-child\" data-id=\"62e5433f\" data-element_type=\"container\">\n\t\t\t\t<div class=\"elementor-element elementor-element-6c72c849 elementor-widget elementor-widget-text-editor\" data-id=\"6c72c849\" data-element_type=\"widget\" data-widget_type=\"text-editor.default\">\n\t\t\t\t\t\t\t\t\t<h4>Gwreiddiau yn Aberteifi<\/h4><p><span style=\"font-family: Arial, sans-serif;\">Mae ein cyfarwyddwr, Sarah James MBE, yn hanu o Aberteifi. Roedd lansio G\u0175yl Grefft Cymru yng Nghastell Aberteifi yn 2024 yn cyflawni ei breuddwyd oes o ddod a&#8217;r \u0174yl Grefft adref. <\/span><\/p><p><span style=\"font-family: Arial, sans-serif;\">Ffocws G\u0175yl Grefft Cymru yw cefnogi gwneuthurwyr, dathlu gwneud Cymreig a chreu cyfleoedd diwylliannol ac economaidd i gymunedau yng Ngheredigion a thu hwnt.<\/span><\/p><p> <\/p>\t\t\t\t\t\t\t\t<\/div>\n\t\t\t\t<\/div>\n\t\t\t\t\t<\/div>\n\t\t\t\t<\/div>\n\t\t<div class=\"elementor-element elementor-element-1e3f4960 e-con-full e-flex e-con e-parent\" data-id=\"1e3f4960\" data-element_type=\"container\">\n\t\t<div class=\"elementor-element elementor-element-656a50a4 e-con-full e-flex e-con e-child\" data-id=\"656a50a4\" data-element_type=\"container\">\n\t\t\t\t<div class=\"elementor-element elementor-element-4081bcd9 elementor-widget elementor-widget-text-editor\" data-id=\"4081bcd9\" data-element_type=\"widget\" data-widget_type=\"text-editor.default\">\n\t\t\t\t\t\t\t\t\t<h4>Ein Partneriaid<\/h4><p>Mae G\u0175yl Grefft Cymru yn gweithio mewn partneriaeth ag amrywiaeth o bartneriaid lleol, rhanbarthol a chenedlaethol yn cynnwys Mwldan, Oriel Canfas, Walden Arts, Cered Menter Iaith, Mission Gallery, Amgueddfa Genedlaethol Cymru, Coleg Sir G\u00e2r, Coleg Ceredigion, Canolfan Gelfyddydau Llantarnam Grange, Ymddiriedolaeth Ysgoloriaethau\u2019r Frenhines Elisabeth, NOVUS a Heritage Crafts.<\/p><p>Hwylusir G\u0175yl Grefft Cymru gan gyllid gan Ddigwyddiadau Cymru drwy Lywodraeth Cymru, Cyngor Celfyddydau Cymru, a Chynnal y Cardi drwy Gyngor Sir Ceredigion. <\/p>\t\t\t\t\t\t\t\t<\/div>\n\t\t\t\t<\/div>\n\t\t<div class=\"elementor-element elementor-element-33d4d191 e-con-full e-flex e-con e-child\" data-id=\"33d4d191\" data-element_type=\"container\">\n\t\t\t\t<div class=\"elementor-element elementor-element-1dccdd87 elementor-widget elementor-widget-image\" data-id=\"1dccdd87\" data-element_type=\"widget\" data-widget_type=\"image.default\">\n\t\t\t\t\t\t\t\t\t\t\t\t\t\t\t<img decoding=\"async\" width=\"800\" height=\"534\" src=\"http:\/\/craftfestival.co.uk\/wp-content\/uploads\/2026\/03\/Keith-Brymer-Jones-and-Marj-Hogarth-at-The-Capital-of-Craft-LIVE-at-Craft-Festival-2024-Image-by-Heather-Birnie-1024x683.jpg\" class=\"attachment-large size-large wp-image-15027\" alt=\"\" srcset=\"http:\/\/craftfestival.co.uk\/wp-content\/uploads\/2026\/03\/Keith-Brymer-Jones-and-Marj-Hogarth-at-The-Capital-of-Craft-LIVE-at-Craft-Festival-2024-Image-by-Heather-Birnie-1024x683.jpg 1024w, http:\/\/craftfestival.co.uk\/wp-content\/uploads\/2026\/03\/Keith-Brymer-Jones-and-Marj-Hogarth-at-The-Capital-of-Craft-LIVE-at-Craft-Festival-2024-Image-by-Heather-Birnie-300x200.jpg 300w, http:\/\/craftfestival.co.uk\/wp-content\/uploads\/2026\/03\/Keith-Brymer-Jones-and-Marj-Hogarth-at-The-Capital-of-Craft-LIVE-at-Craft-Festival-2024-Image-by-Heather-Birnie-768x512.jpg 768w, http:\/\/craftfestival.co.uk\/wp-content\/uploads\/2026\/03\/Keith-Brymer-Jones-and-Marj-Hogarth-at-The-Capital-of-Craft-LIVE-at-Craft-Festival-2024-Image-by-Heather-Birnie-1536x1024.jpg 1536w, http:\/\/craftfestival.co.uk\/wp-content\/uploads\/2026\/03\/Keith-Brymer-Jones-and-Marj-Hogarth-at-The-Capital-of-Craft-LIVE-at-Craft-Festival-2024-Image-by-Heather-Birnie-2048x1365.jpg 2048w\" sizes=\"(max-width: 800px) 100vw, 800px\" \/>\t\t\t\t\t\t\t\t\t\t\t\t\t\t\t<\/div>\n\t\t\t\t<\/div>\n\t\t\t\t<\/div>\n\t\t<div class=\"elementor-element elementor-element-45d35a14 e-flex e-con-boxed e-con e-parent\" data-id=\"45d35a14\" data-element_type=\"container\">\n\t\t\t\t\t<div class=\"e-con-inner\">\n\t\t<div class=\"elementor-element elementor-element-6e118c18 e-con-full e-flex e-con e-child\" data-id=\"6e118c18\" data-element_type=\"container\">\n\t\t\t\t<div class=\"elementor-element elementor-element-572e14c5 elementor-widget elementor-widget-image\" data-id=\"572e14c5\" data-element_type=\"widget\" data-widget_type=\"image.default\">\n\t\t\t\t\t\t\t\t\t\t\t\t\t\t\t<img decoding=\"async\" width=\"800\" height=\"522\" src=\"http:\/\/craftfestival.co.uk\/wp-content\/uploads\/2026\/03\/Hijinx-Enter-the-Robots-Arriving-at-Craft-Festival-Wales-2025.-Photo-by-David-Edmunds-cropped.jpg\" class=\"attachment-large size-large wp-image-15029\" alt=\"\" srcset=\"http:\/\/craftfestival.co.uk\/wp-content\/uploads\/2026\/03\/Hijinx-Enter-the-Robots-Arriving-at-Craft-Festival-Wales-2025.-Photo-by-David-Edmunds-cropped.jpg 1000w, http:\/\/craftfestival.co.uk\/wp-content\/uploads\/2026\/03\/Hijinx-Enter-the-Robots-Arriving-at-Craft-Festival-Wales-2025.-Photo-by-David-Edmunds-cropped-300x196.jpg 300w, http:\/\/craftfestival.co.uk\/wp-content\/uploads\/2026\/03\/Hijinx-Enter-the-Robots-Arriving-at-Craft-Festival-Wales-2025.-Photo-by-David-Edmunds-cropped-768x502.jpg 768w\" sizes=\"(max-width: 800px) 100vw, 800px\" \/>\t\t\t\t\t\t\t\t\t\t\t\t\t\t\t<\/div>\n\t\t\t\t<\/div>\n\t\t<div class=\"elementor-element elementor-element-6c7908af e-con-full e-flex e-con e-child\" data-id=\"6c7908af\" data-element_type=\"container\">\n\t\t\t\t<div class=\"elementor-element elementor-element-2ed5269d elementor-widget elementor-widget-text-editor\" data-id=\"2ed5269d\" data-element_type=\"widget\" data-widget_type=\"text-editor.default\">\n\t\t\t\t\t\t\t\t\t<h4>Rhagoriaeth Arobryn<\/h4><ul><li><strong>Enillydd Digwyddiad y Flwyddyn (Cymuned)<\/strong>: G\u0175yl Grefft Cymru, Gwobrau Caru Ceredigion 2024<\/li><li><strong>Digwyddiad y Flwyddyn, Yr Ail Orau<\/strong>: G\u0175yl Grefft Cymru, Gwobrau Caru Ceredigion 2025<\/li><\/ul><p> <\/p>\t\t\t\t\t\t\t\t<\/div>\n\t\t\t\t<\/div>\n\t\t\t\t\t<\/div>\n\t\t\t\t<\/div>\n\t\t<div class=\"elementor-element elementor-element-555f7a90 e-flex e-con-boxed e-con e-parent\" data-id=\"555f7a90\" data-element_type=\"container\">\n\t\t\t\t\t<div class=\"e-con-inner\">\n\t\t\t\t\t<\/div>\n\t\t\t\t<\/div>\n\t\t<div class=\"elementor-element elementor-element-4a856b6a e-flex e-con-boxed e-con e-parent\" data-id=\"4a856b6a\" data-element_type=\"container\">\n\t\t\t\t\t<div class=\"e-con-inner\">\n\t\t\t\t\t<\/div>\n\t\t\t\t<\/div>\n\t\t<div class=\"elementor-element elementor-element-d025fa8 e-flex e-con-boxed e-con e-parent\" data-id=\"d025fa8\" data-element_type=\"container\">\n\t\t\t\t\t<div class=\"e-con-inner\">\n\t\t\t\t\t<\/div>\n\t\t\t\t<\/div>\n\t\t\t\t<\/div>\n\t\t","protected":false},"excerpt":{"rendered":"<p>G\u0175yl Grefft Cymru &#8211; Ein Stori Sefydlwyd G\u0175yl Grefft yn 2004 fel sefydliad dielw. Cynhaliwyd ein G\u0175yl wreiddiol yn Bovey Tracey, Dyfnaint ac mae wedi croesawu dros 160,000 o ymwelwyr gan gyfrannu o leiaf \u00a325 miliwn i&#8217;r economi leol a derbyn dros 10,000 o ymwelwyr bob blwyddyn. Sefydlwyd G\u0175yl Grefft Cymru yn 2023 gan ennyn [&hellip;]<\/p>\n","protected":false},"author":1,"featured_media":0,"parent":0,"menu_order":0,"comment_status":"closed","ping_status":"closed","template":"","meta":{"_acf_changed":false,"footnotes":""},"class_list":["post-15031","page","type-page","status-publish","hentry"],"acf":[],"_links":{"self":[{"href":"http:\/\/craftfestival.co.uk\/cy\/wp-json\/wp\/v2\/pages\/15031","targetHints":{"allow":["GET"]}}],"collection":[{"href":"http:\/\/craftfestival.co.uk\/cy\/wp-json\/wp\/v2\/pages"}],"about":[{"href":"http:\/\/craftfestival.co.uk\/cy\/wp-json\/wp\/v2\/types\/page"}],"author":[{"embeddable":true,"href":"http:\/\/craftfestival.co.uk\/cy\/wp-json\/wp\/v2\/users\/1"}],"replies":[{"embeddable":true,"href":"http:\/\/craftfestival.co.uk\/cy\/wp-json\/wp\/v2\/comments?post=15031"}],"version-history":[{"count":5,"href":"http:\/\/craftfestival.co.uk\/cy\/wp-json\/wp\/v2\/pages\/15031\/revisions"}],"predecessor-version":[{"id":16627,"href":"http:\/\/craftfestival.co.uk\/cy\/wp-json\/wp\/v2\/pages\/15031\/revisions\/16627"}],"wp:attachment":[{"href":"http:\/\/craftfestival.co.uk\/cy\/wp-json\/wp\/v2\/media?parent=15031"}],"curies":[{"name":"wp","href":"https:\/\/api.w.org\/{rel}","templated":true}]}}